{"id":89,"date":"2016-11-01T22:59:57","date_gmt":"2016-11-01T18:59:57","guid":{"rendered":"http:\/\/cecitech.com\/wp\/?page_id=89"},"modified":"2025-04-28T04:53:07","modified_gmt":"2025-04-28T09:53:07","slug":"a-propos","status":"publish","type":"page","link":"https:\/\/cecitech.com\/","title":{"rendered":"A Propos"},"content":{"rendered":"<div class=\"n2-section-smartslider fitvidsignore  n2_clear\" data-ssid=\"3\" tabindex=\"0\" role=\"region\" aria-label=\"Slider\"><div id=\"n2-ss-3-align\" class=\"n2-ss-align\"><div class=\"n2-padding\"><div id=\"n2-ss-3\" data-creator=\"Smart Slider 3\" data-responsive=\"auto\" class=\"n2-ss-slider n2-ow n2-has-hover n2notransition  \">\n\n\n\n\n\n\n\n\n\n<div class=\"n2-ss-slider-wrapper-outside\" style=\"grid-template-rows:1fr auto\"><div class=\"n2-ss-slider-wrapper-inside\">\n        <div class=\"n2-ss-slider-1 n2_ss__touch_element n2-ow\">\n            <div class=\"n2-ss-slider-2 n2-ow\">\n                                                    <div class=\"n2-ss-background-animation n2-ow\"><\/div>\n                                <div class=\"n2-ss-slider-3 n2-ow\">\n\n                    <div class=\"n2-ss-slide-backgrounds n2-ow-all\"><div class=\"n2-ss-slide-background\" data-public-id=\"1\" data-mode=\"fill\"><div class=\"n2-ss-slide-background-image\" data-blur=\"0\" data-opacity=\"100\" data-x=\"47\" data-y=\"41\" data-alt=\"\" data-title=\"\" style=\"--ss-o-pos-x:47%;--ss-o-pos-y:41%\"><picture class=\"skip-lazy\" data-skip-lazy=\"1\"><img decoding=\"async\" src=\"\/\/cecitech.com\/wp-content\/uploads\/slider\/cache\/cd988c26255a582fda4172a18f51b2bc\/snow-pad-2024-new-arrival.png\" alt=\"\" title=\"\" loading=\"lazy\" class=\"skip-lazy\" data-skip-lazy=\"1\"><\/picture><\/div><div data-color=\"RGBA(255,255,255,0)\" style=\"background-color: RGBA(255,255,255,0);\" class=\"n2-ss-slide-background-color\"><\/div><\/div><div class=\"n2-ss-slide-background\" data-public-id=\"2\" data-mode=\"fill\" aria-hidden=\"true\"><div class=\"n2-ss-slide-background-image\" data-blur=\"0\" data-opacity=\"100\" data-x=\"49\" data-y=\"66\" data-alt=\"\" data-title=\"\" style=\"--ss-o-pos-x:49%;--ss-o-pos-y:66%\"><picture class=\"skip-lazy\" data-skip-lazy=\"1\"><img decoding=\"async\" src=\"\/\/cecitech.com\/wp-content\/uploads\/slider\/cache\/291976a736608709af1aa9423a5f1b83\/Luna-S-digital-magnifier-1-1536x1000-1.jpg\" alt=\"\" title=\"\" loading=\"lazy\" class=\"skip-lazy\" data-skip-lazy=\"1\"><\/picture><\/div><div data-color=\"RGBA(255,255,255,0)\" style=\"background-color: RGBA(255,255,255,0);\" class=\"n2-ss-slide-background-color\"><\/div><\/div><div class=\"n2-ss-slide-background\" data-public-id=\"3\" data-mode=\"fill\" aria-hidden=\"true\"><div class=\"n2-ss-slide-background-image\" data-blur=\"0\" data-opacity=\"100\" data-x=\"38\" data-y=\"20\" data-alt=\"\" data-title=\"\" style=\"--ss-o-pos-x:38%;--ss-o-pos-y:20%\"><picture class=\"skip-lazy\" data-skip-lazy=\"1\"><img decoding=\"async\" src=\"\/\/cecitech.com\/wp-content\/uploads\/slider\/cache\/f3a5c412b74632aba3de8a7c3496959c\/loupe-electronique-clovernote-malvoyant-01_1.jpg\" alt=\"\" title=\"\" loading=\"lazy\" class=\"skip-lazy\" data-skip-lazy=\"1\"><\/picture><\/div><div data-color=\"RGBA(255,255,255,0)\" style=\"background-color: RGBA(255,255,255,0);\" class=\"n2-ss-slide-background-color\"><\/div><\/div><div class=\"n2-ss-slide-background\" data-public-id=\"4\" data-mode=\"fill\" aria-hidden=\"true\"><div class=\"n2-ss-slide-background-image\" data-blur=\"0\" data-opacity=\"100\" data-x=\"69\" data-y=\"14\" data-alt=\"\" data-title=\"\" style=\"--ss-o-pos-x:69%;--ss-o-pos-y:14%\"><picture class=\"skip-lazy\" data-skip-lazy=\"1\"><img decoding=\"async\" src=\"\/\/cecitech.com\/wp-content\/uploads\/slider\/cache\/e744fe4cc21ba290d31762ae4124bbe5\/teleagrandisseur-cloverbookxl-malvoyant-02.jpg\" alt=\"\" title=\"\" loading=\"lazy\" class=\"skip-lazy\" data-skip-lazy=\"1\"><\/picture><\/div><div data-color=\"RGBA(255,255,255,0)\" style=\"background-color: RGBA(255,255,255,0);\" class=\"n2-ss-slide-background-color\"><\/div><\/div><\/div>                    <div class=\"n2-ss-slider-4 n2-ow\">\n                        <svg xmlns=\"http:\/\/www.w3.org\/2000\/svg\" viewBox=\"0 0 1200 600\" data-related-device=\"desktopPortrait\" class=\"n2-ow n2-ss-preserve-size n2-ss-preserve-size--slider n2-ss-slide-limiter\"><\/svg><svg xmlns=\"http:\/\/www.w3.org\/2000\/svg\" viewBox=\"0 0 440 500\" data-related-device=\"mobilePortrait\" class=\"n2-ow n2-ss-preserve-size n2-ss-preserve-size--slider n2-ss-slide-limiter\"><\/svg><div data-first=\"1\" data-slide-duration=\"0\" data-id=\"6\" data-slide-public-id=\"1\" data-title=\"Snow Pad\" class=\"n2-ss-slide n2-ow  n2-ss-slide-6\"><div role=\"note\" class=\"n2-ss-slide--focus\" tabindex=\"-1\">Snow Pad<\/div><div class=\"n2-ss-layers-container n2-ss-slide-limiter n2-ow\"><div class=\"n2-ss-layer n2-ow n-uc-nSADZLyQ1wRm\" data-sstype=\"slide\" data-pm=\"default\"><div class=\"n2-ss-layer n2-ow n-uc-1530ede93d30e\" data-pm=\"default\" data-sstype=\"content\" data-hasbackground=\"1\"><div class=\"n2-ss-section-main-content n2-ss-layer-with-background n2-ss-layer-content n2-ow n-uc-1530ede93d30e-inner\"><\/div><\/div><\/div><\/div><\/div><div data-slide-duration=\"0\" data-id=\"7\" data-slide-public-id=\"2\" aria-hidden=\"true\" data-title=\"Luna S\" class=\"n2-ss-slide n2-ow  n2-ss-slide-7\"><div role=\"note\" class=\"n2-ss-slide--focus\" tabindex=\"-1\">Luna S<\/div><div class=\"n2-ss-layers-container n2-ss-slide-limiter n2-ow\"><div class=\"n2-ss-layer n2-ow n-uc-CXLwS7Gn6WEO\" data-sstype=\"slide\" data-pm=\"default\"><div class=\"n2-ss-layer n2-ow n-uc-175ed58b562d0\" data-pm=\"default\" data-sstype=\"content\" data-hasbackground=\"1\"><div class=\"n2-ss-section-main-content n2-ss-layer-with-background n2-ss-layer-content n2-ow n-uc-175ed58b562d0-inner\"><\/div><\/div><\/div><\/div><\/div><div data-slide-duration=\"0\" data-id=\"8\" data-slide-public-id=\"3\" aria-hidden=\"true\" data-title=\"Clover Note\" class=\"n2-ss-slide n2-ow  n2-ss-slide-8\"><div role=\"note\" class=\"n2-ss-slide--focus\" tabindex=\"-1\">Clover Note<\/div><div class=\"n2-ss-layers-container n2-ss-slide-limiter n2-ow\"><div class=\"n2-ss-layer n2-ow n-uc-tyMVKjwGo6vB\" data-sstype=\"slide\" data-pm=\"default\"><div class=\"n2-ss-layer n2-ow n-uc-1e8f6672cbc62\" data-pm=\"default\" data-sstype=\"content\" data-hasbackground=\"1\"><div class=\"n2-ss-section-main-content n2-ss-layer-with-background n2-ss-layer-content n2-ow n-uc-1e8f6672cbc62-inner\"><\/div><\/div><\/div><\/div><\/div><div data-slide-duration=\"0\" data-id=\"9\" data-slide-public-id=\"4\" aria-hidden=\"true\" data-title=\"Cloverbook XL Pro\" class=\"n2-ss-slide n2-ow  n2-ss-slide-9\"><div role=\"note\" class=\"n2-ss-slide--focus\" tabindex=\"-1\">Cloverbook XL Pro<\/div><div class=\"n2-ss-layers-container n2-ss-slide-limiter n2-ow\"><div class=\"n2-ss-layer n2-ow n-uc-sWT6odt38d0l\" data-sstype=\"slide\" data-pm=\"default\"><div class=\"n2-ss-layer n2-ow n-uc-160f32656f8ed\" data-pm=\"default\" data-sstype=\"content\" data-hasbackground=\"1\"><div class=\"n2-ss-section-main-content n2-ss-layer-with-background n2-ss-layer-content n2-ow n-uc-160f32656f8ed-inner\"><\/div><\/div><\/div><\/div><\/div>                    <\/div>\n\n                                    <\/div>\n            <\/div>\n        <\/div>\n        <div class=\"n2-ss-slider-controls n2-ss-slider-controls-absolute-right-top\"><div style=\"--widget-offset:18px;\" class=\"n2-ss-widget n2-style-39d91de386d63e8e493aa09391e3689f-heading nextend-autoplay n2-ow-all nextend-autoplay-image\" role=\"button\" aria-label=\"Play autoplay\" data-pause-label=\"Pause autoplay\" data-play-label=\"Play autoplay\" tabindex=\"0\"><img loading=\"lazy\" decoding=\"async\" width=\"16\" height=\"16\" class=\"nextend-autoplay-play skip-lazy\" data-skip-lazy=\"1\" src=\"data:image\/svg+xml;base64,PHN2ZyB3aWR0aD0iMTYiIGhlaWdodD0iMTYiIHZpZXdCb3g9IjAgMCAxNiAxNiIgeG1sbnM9Imh0dHA6Ly93d3cudzMub3JnLzIwMDAvc3ZnIj4KICAgIDxwYXRoIGQ9Ik0xMS41OCA3LjAzTDUuMzAyIDIuMTY1QzUuMTY1IDIuMDU3IDUuMDE2IDIgNC44NTcgMiA0LjM4NCAyIDQgMi41MDQgNCAzLjEyNXY5Ljc1YzAgLjYyLjM4NCAxLjEyNS44NTcgMS4xMjUuMTYgMCAuMzA4LS4wNTcuNDM2LS4xNTZMMTEuNTggOC45N2MuMjUtLjE5OC40Mi0uNTU4LjQyLS45NyAwLS40MTItLjE3LS43NzMtLjQyLS45N3oiCiAgICAgICAgICBmaWxsPSIjZmZmZmZmIiBvcGFjaXR5PSIwLjgiIGZpbGwtcnVsZT0iZXZlbm9kZCIvPgo8L3N2Zz4=\" alt=\"Play\"><img loading=\"lazy\" decoding=\"async\" width=\"16\" height=\"16\" class=\"nextend-autoplay-pause skip-lazy\" data-skip-lazy=\"1\" src=\"data:image\/svg+xml;base64,PHN2ZyB3aWR0aD0iMTYiIGhlaWdodD0iMTYiIHZpZXdCb3g9IjAgMCAxNiAxNiIgeG1sbnM9Imh0dHA6Ly93d3cudzMub3JnLzIwMDAvc3ZnIj4KICAgIDxwYXRoIGQ9Ik00IDJ2MTJoM1YySDR6bTUgMHYxMmgzVjJIOXoiIGZpbGw9IiNmZmZmZmYiIG9wYWNpdHk9IjAuOCIgZmlsbC1ydWxlPSJldmVub2RkIi8+Cjwvc3ZnPg==\" alt=\"Pause\"><\/div><\/div><\/div><div class=\"n2-ss-slider-controls n2-ss-slider-controls-below\"><div data-width-percent=\"100\" class=\"n2-ss-widget nextend-thumbnail nextend-thumbnail-default nextend-thumbnail-horizontal n2-ow-all\" style=\"width:100%;\" data-has-next=\"0\" data-has-previous=\"0\"><div class=\"nextend-thumbnail-inner n2-style-2cfadb9440b7ddf3e0fb53c7f16adab2-simple \"><div class=\"nextend-thumbnail-scroller n2-align-content-start\" style=\"grid-template-rows:repeat(1, 1fr)\"><div class=\"n2-thumbnail-dot n2-style-2840da0471d42fe2fd2d7302d55cb2f2-dot \" data-slide-public-id=\"1\" role=\"button\" aria-label=\"Snow Pad\" tabindex=\"0\"><picture class=\"skip-lazy\" data-skip-lazy=\"1\"><img decoding=\"async\" alt=\"Snow Pad\" src=\"https:\/\/cecitech.com\/wp-content\/uploads\/slider\/cache\/1b488859fcd71489e4b74d62690cc3a6\/snow-pad-2024-new-arrival.png\" width=\"240\" height=\"120\" loading=\"lazy\" class=\"skip-lazy\" data-skip-lazy=\"1\" \/><\/picture><\/div><div class=\"n2-thumbnail-dot n2-style-2840da0471d42fe2fd2d7302d55cb2f2-dot \" data-slide-public-id=\"2\" role=\"button\" aria-label=\"Luna S\" tabindex=\"0\"><picture class=\"skip-lazy\" data-skip-lazy=\"1\"><img decoding=\"async\" alt=\"Luna S\" src=\"https:\/\/cecitech.com\/wp-content\/uploads\/slider\/cache\/8cf531351528c8796d53ade46aa045c9\/Luna-S-digital-magnifier-1-1536x1000-1.jpg\" width=\"240\" height=\"120\" loading=\"lazy\" class=\"skip-lazy\" data-skip-lazy=\"1\" \/><\/picture><\/div><div class=\"n2-thumbnail-dot n2-style-2840da0471d42fe2fd2d7302d55cb2f2-dot \" data-slide-public-id=\"3\" role=\"button\" aria-label=\"Clover Note\" tabindex=\"0\"><picture class=\"skip-lazy\" data-skip-lazy=\"1\"><img decoding=\"async\" alt=\"Clover Note\" src=\"https:\/\/cecitech.com\/wp-content\/uploads\/slider\/cache\/7232c0e76ef358b37a918fe5547383c4\/loupe-electronique-clovernote-malvoyant-01_1.jpg\" width=\"240\" height=\"120\" loading=\"lazy\" class=\"skip-lazy\" data-skip-lazy=\"1\" \/><\/picture><\/div><div class=\"n2-thumbnail-dot n2-style-2840da0471d42fe2fd2d7302d55cb2f2-dot \" data-slide-public-id=\"4\" role=\"button\" aria-label=\"Cloverbook XL Pro\" tabindex=\"0\"><picture class=\"skip-lazy\" data-skip-lazy=\"1\"><img decoding=\"async\" alt=\"Cloverbook XL Pro\" src=\"https:\/\/cecitech.com\/wp-content\/uploads\/slider\/cache\/44a6c9ec614d35d654995d1d99a092cf\/teleagrandisseur-cloverbookxl-malvoyant-02.jpg\" width=\"240\" height=\"120\" loading=\"lazy\" class=\"skip-lazy\" data-skip-lazy=\"1\" \/><\/picture><\/div><\/div><\/div><\/div><\/div><\/div><\/div><ss3-loader><\/ss3-loader><\/div><\/div><div class=\"n2_clear\"><\/div><\/div>\n\n<div class=\"ttl_top_wrap\">\n<p class=\"ttl_top\">Bienvenue sur le site de CECITECH<\/p>\n<p class=\"sttl_top\">L&rsquo;Accessibilit\u00e9 par Excellence<\/p>\n<\/div>\n<p>CECITECH est une soci\u00e9t\u00e9 leader dans les produits de la technologie adapt\u00e9e. Notre \u00e9quipe de professionnels est d\u00e9di\u00e9e \u00e0 apporter ses nombreuses ann\u00e9es d&rsquo;exp\u00e9rience dans l&rsquo;industrie pour fournir les meilleures solutions et services taill\u00e9s \u00e0 vos besoins. Notre mission est de vous pr\u00e9senter le meilleur portefeuille des produits disponibles sur le march\u00e9 international au niveau de la technologie adapt\u00e9e.<\/p>\n<p>CECITECH est d\u00e9di\u00e9e \u00e0 offrir le meilleur de la technologie adapt\u00e9e qui permet un acc\u00e8s \u00e9gal \u00e0 des personnes ayant une d\u00e9ficience visuelle ou d&rsquo;apprentissage. Que vous cherchiez des produits qui sont orient\u00e9s vers les personnes qui sont aveugles, ceux qui ont une d\u00e9ficience visuelle ou un trouble d&rsquo;apprentissage, vous pouvez compter sur nous. On vous offre la meilleure s\u00e9lection de produits d&rsquo;assistance et d&rsquo;\u00e9ducation \u00e0 travers le monde.<\/p>\n<p>Notre \u00e9quipe bilingue offre des ann\u00e9es d&rsquo;exp\u00e9rience professionnelle dans le marketing et le soutien dans le domaine de la technologie adapt\u00e9e ce qui rend nos services disponibles \u00e9galement en anglais et en fran\u00e7ais. Notre int\u00e9r\u00eat est de toujours apporter une satisfaction de 110% \u00e0 tous nos clients. Si vous \u00eates \u00e0 la recherche d&rsquo;une formation sur un produit ou un logiciel (\u00e0 la fois sur site et \u00e0 distance), des scripts pour les lecteurs d&rsquo;\u00e9cran, poste de travail personnalis\u00e9 majeurs, ou tout simplement pour que quelqu&rsquo;un soit l\u00e0 pour r\u00e9pondre \u00e0 quelques questions sur nos produits, notre \u00e9quipe est toujours l\u00e0 pour vous aider \u00e0 trouver ce que vous recherchez. Nous consid\u00e9rons nos clients \u00e9tant notre famille, d&rsquo;o\u00f9 notre \u00e9quipe de professionnels effectue toujours une \u00e9valuation des besoins avec nos clients avant la mise en \u0153uvre d&rsquo;un projet. Notre \u00e9quipe est l\u00e0 \u00e0 chaque \u00e9tape du chemin tout au long de la mise en \u0153uvre et apr\u00e8s pour assurer la satisfaction compl\u00e8te et totale du client.<\/p>\n<p>Que vous soyez un expert dans le domaine de la technologie adapt\u00e9e , ou si c&rsquo;est un monde nouveau pour vous, nous avons h\u00e2te de travailler avec vous et, ensemble, atteindre notre objectif en apportant l&rsquo;accessibilit\u00e9 \u00e0 tous.<\/p>","protected":false},"excerpt":{"rendered":"Bienvenue sur le site de CECITECH L&rsquo;Accessibilit\u00e9 par Excellence CECITECH est une soci\u00e9t\u00e9 leader dans les produits de la technologie adapt\u00e9e. Notre \u00e9quipe de professionnels est d\u00e9di\u00e9e \u00e0 apporter ses nombreuses ann\u00e9es d&rsquo;exp\u00e9rience dans l&rsquo;industrie pour fournir les meilleures solutions et services taill\u00e9s \u00e0 vos besoins. Notre mission est de vous pr\u00e9senter le meilleur portefeuille [&hellip;]","protected":false},"author":1,"featured_media":1266,"parent":0,"menu_order":0,"comment_status":"closed","ping_status":"closed","template":"","meta":{"footnotes":""},"class_list":["post-89","page","type-page","status-publish","has-post-thumbnail","hentry"],"_links":{"self":[{"href":"https:\/\/cecitech.com\/index.php?rest_route=\/wp\/v2\/pages\/89","targetHints":{"allow":["GET"]}}],"collection":[{"href":"https:\/\/cecitech.com\/index.php?rest_route=\/wp\/v2\/pages"}],"about":[{"href":"https:\/\/cecitech.com\/index.php?rest_route=\/wp\/v2\/types\/page"}],"author":[{"embeddable":true,"href":"https:\/\/cecitech.com\/index.php?rest_route=\/wp\/v2\/users\/1"}],"replies":[{"embeddable":true,"href":"https:\/\/cecitech.com\/index.php?rest_route=%2Fwp%2Fv2%2Fcomments&post=89"}],"version-history":[{"count":12,"href":"https:\/\/cecitech.com\/index.php?rest_route=\/wp\/v2\/pages\/89\/revisions"}],"predecessor-version":[{"id":1787,"href":"https:\/\/cecitech.com\/index.php?rest_route=\/wp\/v2\/pages\/89\/revisions\/1787"}],"wp:featuredmedia":[{"embeddable":true,"href":"https:\/\/cecitech.com\/index.php?rest_route=\/wp\/v2\/media\/1266"}],"wp:attachment":[{"href":"https:\/\/cecitech.com\/index.php?rest_route=%2Fwp%2Fv2%2Fmedia&parent=89"}],"curies":[{"name":"wp","href":"https:\/\/api.w.org\/{rel}","templated":true}]}}